{"id":152661,"date":"2024-12-03T21:01:48","date_gmt":"2024-12-03T12:01:48","guid":{"rendered":"https:\/\/blackbanana-dvd.com\/?product=vs%e4%bb%ae%e6%83%b3%e3%82%a8%e3%83%ad%e3%82%b9-%e7%b7%92%e6%96%b9%e5%92%b2"},"modified":"2024-12-03T21:01:50","modified_gmt":"2024-12-03T12:01:50","slug":"vs%e4%bb%ae%e6%83%b3%e3%82%a8%e3%83%ad%e3%82%b9-%e7%b7%92%e6%96%b9%e5%92%b2","status":"publish","type":"product","link":"https:\/\/blackbanana-dvd.com\/?product=vs%e4%bb%ae%e6%83%b3%e3%82%a8%e3%83%ad%e3%82%b9-%e7%b7%92%e6%96%b9%e5%92%b2","title":{"rendered":"vs\u4eee\u60f3\u30a8\u30ed\u30b9 \u7dd2\u65b9\u54b2"},"content":{"rendered":"","protected":false},"excerpt":{"rendered":"<p>\u4eca\u306f\u3084\u308a\u306e\u3010\u30c7\u30ab\u5973\u3011\u9577\u8eab\u30b9\u30ec\u30f3\u30c0\u30fc\u306e\u30b0\u30e9\u30d3\u30a2\u30a2\u30a4\u30c9\u30eb\u30fb\u7dd2\u65b9\u54b2\u304c\u6e80\u3092\u6301\u3057\u3066\u3001\u5927\u4eba\u6c17\u30b7\u30ea\u30fc\u30bavs\u4eee\u60f3\u30a8\u30ed\u30b9\u306b\u767b\u5834\uff01\u5f7c\u5973\u3068\u6697\u95c7\u306e\u6620\u753b\u9928\u3067\u30a4\u30c1\u30e3\u30a4\u30c1\u30e3\u30a8\u30c3\u30c1\u306a\u3053\u3068\u3092\u3057\u307e\u304f\u3063\u305f\u308a\u3001\u71b1\u6c17\u3080\u3093\u3080\u3093\u306e\u796d\u308a\u3067\u30c6\u30f3\u30b7\u30e7\u30f3\u7206\u4e0a\u304c\u308a\u306e\u5973\u306e\u5b50\u3068\u00d7\u00d7\u00d7\u3001\u30b4\u30eb\u30d5\u306e\u30a4\u30f3\u30b9\u30c8\u30e9\u30af\u30bf\u30fc\u306b\u62b5\u6297\u3067\u304d\u305a\u2026\u3001\u9ad8\u7d1a\u5e97\u306e\u5973\u306e\u5b50\u306e\u30b5\u30fc\u30d3\u30b9\u304c\u51c4\u3059\u304e\u308b\u4ef6\u30684\u3064\u306e\u5b09\u3057\u3044\u30b7\u30c1\u30e5\u30a8\u30fc\u30b7\u30e7\u30f3\u3002\u5168\u7de8ASMR\u9332\u97f3\u3067\u81e8\u5834\u611f\u3068\u6ca1\u5165\u611f\u306b\u9154\u3044\u3057\u308c\u308d\uff01\u203b\u30a4\u30e4\u30d5\u30a9\u30f3\u3082\u3057\u304f\u306f\u30d8\u30c3\u30c9\u30d5\u30a9\u30f3\u3067\u3054\u8996\u8074\u304f\u3060\u3055\u3044\u3002 \u30a4\u30e1\u30fc\u30b8\u30d3\u30c7\u30aa \u30a4\u30e1\u30fc\u30b8 \u7dd2\u65b9\u54b2 \u30e2\u30b6\u30a4\u30af G062802<\/p>\n","protected":false},"featured_media":152660,"template":"","meta":[],"product_cat":[15],"product_tag":[96,758],"class_list":{"0":"post-152661","1":"product","2":"type-product","3":"status-publish","4":"has-post-thumbnail","6":"product_cat-ja","7":"product_tag-96","8":"product_tag-758","10":"first","11":"instock","12":"shipping-taxable","13":"purchasable","14":"product-type-simple"},"_links":{"self":[{"href":"https:\/\/blackbanana-dvd.com\/index.php?rest_route=\/wp\/v2\/product\/152661","targetHints":{"allow":["GET"]}}],"collection":[{"href":"https:\/\/blackbanana-dvd.com\/index.php?rest_route=\/wp\/v2\/product"}],"about":[{"href":"https:\/\/blackbanana-dvd.com\/index.php?rest_route=\/wp\/v2\/types\/product"}],"wp:featuredmedia":[{"embeddable":true,"href":"https:\/\/blackbanana-dvd.com\/index.php?rest_route=\/wp\/v2\/media\/152660"}],"wp:attachment":[{"href":"https:\/\/blackbanana-dvd.com\/index.php?rest_route=%2Fwp%2Fv2%2Fmedia&parent=152661"}],"wp:term":[{"taxonomy":"product_cat","embeddable":true,"href":"https:\/\/blackbanana-dvd.com\/index.php?rest_route=%2Fwp%2Fv2%2Fproduct_cat&post=152661"},{"taxonomy":"product_tag","embeddable":true,"href":"https:\/\/blackbanana-dvd.com\/index.php?rest_route=%2Fwp%2Fv2%2Fproduct_tag&post=152661"}],"curies":[{"name":"wp","href":"https:\/\/api.w.org\/{rel}","templated":true}]}}