{"id":194898,"date":"2025-09-18T10:56:47","date_gmt":"2025-09-18T01:56:47","guid":{"rendered":"https:\/\/blackbanana-dvd.com\/?product=%e5%a4%a7%e5%ad%a6%e3%82%b5%e3%83%bc%e3%82%af%e3%83%ab%e3%81%ae%e4%ba%ba%e6%b0%97%e5%a5%b3%e5%ad%90%e9%83%a8%e5%93%a1%e3%81%a8%e3%81%9d%e3%81%ae%e5%a0%b4%e3%81%ae%e3%83%8e%e3%83%aa%e3%81%a7x"},"modified":"2025-09-18T10:56:53","modified_gmt":"2025-09-18T01:56:53","slug":"%e5%a4%a7%e5%ad%a6%e3%82%b5%e3%83%bc%e3%82%af%e3%83%ab%e3%81%ae%e4%ba%ba%e6%b0%97%e5%a5%b3%e5%ad%90%e9%83%a8%e5%93%a1%e3%81%a8%e3%81%9d%e3%81%ae%e5%a0%b4%e3%81%ae%e3%83%8e%e3%83%aa%e3%81%a7x","status":"publish","type":"product","link":"https:\/\/blackbanana-dvd.com\/?product=%e5%a4%a7%e5%ad%a6%e3%82%b5%e3%83%bc%e3%82%af%e3%83%ab%e3%81%ae%e4%ba%ba%e6%b0%97%e5%a5%b3%e5%ad%90%e9%83%a8%e5%93%a1%e3%81%a8%e3%81%9d%e3%81%ae%e5%a0%b4%e3%81%ae%e3%83%8e%e3%83%aa%e3%81%a7x","title":{"rendered":"\u5927\u5b66\u30b5\u30fc\u30af\u30eb\u306e\u4eba\u6c17\u5973\u5b50\u90e8\u54e1\u3068\u305d\u306e\u5834\u306e\u30ce\u30ea\u3067\u00d7\u00d7\u00d7\u00d7\u30e4\u30c3\u3061\u3083\u3044\u307e\u3057\u305f\u3002 \u306a\u304e\u3055\uff0821\u6b73\uff09"},"content":{"rendered":"","protected":false},"excerpt":{"rendered":"<p>\u30e2\u30c6\u81ea\u899a\u304c\u7121\u3044\u306e\u306b\u30b5\u30fc\u30af\u30eb\u5185\u4eba\u6c17\u306f\u5727\u5012\u7684\u306b\u30ca\u30f3\u30d0\u30fc\u30ef\u30f3\uff01\uff01\u5f7c\u5973\u72d9\u3044\u3067\u5165\u90e8\u3057\u3066\u6765\u308b\u8f29\u304c\u5f8c\u3092\u7d76\u305f\u306a\u3044\u30a2\u30a4\u30c9\u30eb\u7684\u5b58\u5728\u3067\u611b\u5b0c\u629c\u7fa4\u306a\u5730\u65b9\u51fa\u8eab\u5973\u5b50\u5927\u751f\u3092\u3001\u305d\u306e\u5834\u306e\u30ce\u30ea\u3068\u52e2\u3044\u3067\u30e4\u30c3\u3061\u3083\u3044\u307e\u3057\u305fm\uff08__\uff09m \u53ef\u611b\u3044\u30af\u30bb\u306b\u610f\u5916\u3068\u30a4\u30b1\u308b\u7cfb\u5973\u5b50\u3067\u3001\u30c1\u3007\u30dd\u3092\u898b\u308b\u9854\u304c\u304f\u3063\u305d\u30a8\u30ed\u304f\u3066\u30e4\u30d0\u3044\u3063\u3059\u3002\u4f53\u304c\u3081\u3061\u3083\u304f\u3061\u3083\u30a4\u30b1\u3066\u3066\u8131\u3044\u3060\u3089\u51c4\u3044\u6700\u9ad8\u304a\u3063\u3071\u3044\uff01\uff01\u4e2d\u51fa\u3057\u66b4\u767a\u3082\u7b11\u9854\u3067\u30cb\u30c3\u30b3\u30ea\u8a31\u3057\u3066\u304f\u308c\u308b\u30a8\u30ed\u5929\u4f7f\u3061\u3083\u3093\u3002\u50d5\u305f\u3061\u306e\u90e8\u5ba4\u306f\u30e4\u30ea\u90e8\u5c4b\u3067\u3059ww \u30ab\u30c3\u30d7\u30eb \u7d20\u4eba \u5973\u5b50\u5927\u751f \u4e2d\u51fa\u3057 \u7f8e\u5c11\u5973  \u30e2\u30b6\u30a4\u30af G083175<\/p>\n","protected":false},"featured_media":194897,"template":"","meta":[],"product_cat":[15],"product_tag":[219,86,202,161,97],"class_list":{"0":"post-194898","1":"product","2":"type-product","3":"status-publish","4":"has-post-thumbnail","6":"product_cat-ja","7":"product_tag-219","8":"product_tag-86","9":"product_tag-202","10":"product_tag-161","11":"product_tag-97","13":"first","14":"instock","15":"shipping-taxable","16":"purchasable","17":"product-type-simple"},"_links":{"self":[{"href":"https:\/\/blackbanana-dvd.com\/index.php?rest_route=\/wp\/v2\/product\/194898","targetHints":{"allow":["GET"]}}],"collection":[{"href":"https:\/\/blackbanana-dvd.com\/index.php?rest_route=\/wp\/v2\/product"}],"about":[{"href":"https:\/\/blackbanana-dvd.com\/index.php?rest_route=\/wp\/v2\/types\/product"}],"wp:featuredmedia":[{"embeddable":true,"href":"https:\/\/blackbanana-dvd.com\/index.php?rest_route=\/wp\/v2\/media\/194897"}],"wp:attachment":[{"href":"https:\/\/blackbanana-dvd.com\/index.php?rest_route=%2Fwp%2Fv2%2Fmedia&parent=194898"}],"wp:term":[{"taxonomy":"product_cat","embeddable":true,"href":"https:\/\/blackbanana-dvd.com\/index.php?rest_route=%2Fwp%2Fv2%2Fproduct_cat&post=194898"},{"taxonomy":"product_tag","embeddable":true,"href":"https:\/\/blackbanana-dvd.com\/index.php?rest_route=%2Fwp%2Fv2%2Fproduct_tag&post=194898"}],"curies":[{"name":"wp","href":"https:\/\/api.w.org\/{rel}","templated":true}]}}