{"id":95193,"date":"2024-02-17T22:18:37","date_gmt":"2024-02-17T13:18:37","guid":{"rendered":"https:\/\/blackbanana-dvd.com\/?product=%e7%be%8e%e4%ba%ba%e3%81%a7%e5%84%aa%e3%81%97%e3%81%84%e5%a5%b3%e6%8b%85%e4%bb%bb%e3%82%92%e7%94%b7%e5%ad%90%e5%85%a8%e5%93%a1%e3%81%8c%e8%a6%b3%e5%85%89%e5%9c%b0%e3%82%a6%e3%83%a9%e3%81%a7x"},"modified":"2024-10-10T18:31:48","modified_gmt":"2024-10-10T09:31:48","slug":"%e7%be%8e%e4%ba%ba%e3%81%a7%e5%84%aa%e3%81%97%e3%81%84%e5%a5%b3%e6%8b%85%e4%bb%bb%e3%82%92%e7%94%b7%e5%ad%90%e5%85%a8%e5%93%a1%e3%81%8c%e8%a6%b3%e5%85%89%e5%9c%b0%e3%82%a6%e3%83%a9%e3%81%a7x","status":"publish","type":"product","link":"https:\/\/blackbanana-dvd.com\/?product=%e7%be%8e%e4%ba%ba%e3%81%a7%e5%84%aa%e3%81%97%e3%81%84%e5%a5%b3%e6%8b%85%e4%bb%bb%e3%82%92%e7%94%b7%e5%ad%90%e5%85%a8%e5%93%a1%e3%81%8c%e8%a6%b3%e5%85%89%e5%9c%b0%e3%82%a6%e3%83%a9%e3%81%a7x","title":{"rendered":"\u7f8e\u4eba\u3067\u512a\u3057\u3044\u5973\u62c5\u4efb\u3092\u7537\u5b50\u5168\u54e1\u304c\u89b3\u5149\u5730\u30a6\u30e9\u3067\u00d7\u00d7\u00d7\u3059\u308b\u304a\u307e\u25cf\u3053\u4fee\u5b66\u65c5\u884c miru"},"content":{"rendered":"","protected":false},"excerpt":{"rendered":"<p>\u3010\u203b\u203b\u80f8\u7cde\u6ce8\u610f\u203b\u203b\u3011\u7f8e\u4eba\u3067\u512a\u3057\u304f\u3066\u3001\u751f\u5f92\u5168\u54e1\u304b\u3089\u597d\u304b\u308c\u3066\u3044\u308bmiru\u5148\u751f\u3002\u4fee\u5b66\u65c5\u884c\u3082\u81ea\u7531\u884c\u52d5\u3067\u751f\u5f92\u3068\u4e00\u7dd2\u306b\u904e\u3054\u3059\u307b\u3069\u4ef2\u826f\u3057\u3060\u3063\u305f\u306e\u306b\u2026\u9006\u6068\u307f\u306b\u3088\u308a\u6b6f\u8eca\u304c\u72c2\u3044\u59cb\u3081\u308b\u3002\u300c\u4ffa\u3068\u4ed8\u304d\u5408\u308f\u306a\u3044\u3068\u304b\u304a\u304b\u3057\u3044\u3060\u308d\uff1f\u300d\u597d\u304b\u308c\u904e\u304e\u308b\u3042\u307e\u308a\u5ea6\u3092\u8d8a\u3057\u305f\u751f\u5f92\u9054\u306e\u66b4\u8d70\u3002\u512a\u3057\u3055\u306b\u3064\u3051\u8fbc\u307e\u308c\u307f\u308b\u307f\u308b\u3046\u3061\u306b\u6c5a\u3055\u308c\u3066\u3044\u304d\u697d\u3057\u3044\u306f\u305a\u306e\u65c5\u5148\u304c\u60aa\u5922\u306b\u5909\u308f\u308b\u2026\u2026\u3002\u5acc\u306a\u306e\u306b\u3002\u6ce3\u304f\u307b\u3069\u6094\u3057\u3044\u306e\u306b\u3002\u5927\u91cf\u306b\u6f6e\u3092\u5439\u304d\u3001\u30a4\u30ad\u307e\u304f\u3063\u3066\u75d9\u6523\u3057\u3066\u3057\u307e\u3046\u5909\u614b\u306a\u30ab\u30e9\u30c0\u30022\u6cca3\u65e5\u4fee\u5b66\u65c5\u884c\u304c\u7121\u6cd5\u5730\u5e2f\u306b\u2026\u3002 \u6deb\u4e71\u30fb\u30cf\u30fc\u30c9\u7cfb \u5973\u6559\u5e2b 3P\u30fb4P \u5358\u4f53\u4f5c\u54c1 \u30c9\u30ad\u30e5\u30e1\u30f3\u30bf\u30ea\u30fc miru \u30e2\u30b6\u30a4\u30af G041962<\/p>\n","protected":false},"featured_media":95192,"template":"","meta":[],"product_cat":[15],"product_tag":[119,114,91,104,87],"class_list":{"0":"post-95193","1":"product","2":"type-product","3":"status-publish","4":"has-post-thumbnail","6":"product_cat-ja","7":"product_tag-3p4p","8":"product_tag-114","9":"product_tag-91","10":"product_tag-104","11":"product_tag-87","13":"first","14":"instock","15":"shipping-taxable","16":"purchasable","17":"product-type-simple"},"_links":{"self":[{"href":"https:\/\/blackbanana-dvd.com\/index.php?rest_route=\/wp\/v2\/product\/95193","targetHints":{"allow":["GET"]}}],"collection":[{"href":"https:\/\/blackbanana-dvd.com\/index.php?rest_route=\/wp\/v2\/product"}],"about":[{"href":"https:\/\/blackbanana-dvd.com\/index.php?rest_route=\/wp\/v2\/types\/product"}],"wp:featuredmedia":[{"embeddable":true,"href":"https:\/\/blackbanana-dvd.com\/index.php?rest_route=\/wp\/v2\/media\/95192"}],"wp:attachment":[{"href":"https:\/\/blackbanana-dvd.com\/index.php?rest_route=%2Fwp%2Fv2%2Fmedia&parent=95193"}],"wp:term":[{"taxonomy":"product_cat","embeddable":true,"href":"https:\/\/blackbanana-dvd.com\/index.php?rest_route=%2Fwp%2Fv2%2Fproduct_cat&post=95193"},{"taxonomy":"product_tag","embeddable":true,"href":"https:\/\/blackbanana-dvd.com\/index.php?rest_route=%2Fwp%2Fv2%2Fproduct_tag&post=95193"}],"curies":[{"name":"wp","href":"https:\/\/api.w.org\/{rel}","templated":true}]}}